{"id":192,"date":"2022-12-16T22:52:26","date_gmt":"2022-12-17T01:52:26","guid":{"rendered":"https:\/\/abuela.cl\/?post_type=product&#038;p=192"},"modified":"2024-02-08T18:15:45","modified_gmt":"2024-02-08T21:15:45","slug":"salvia","status":"publish","type":"product","link":"https:\/\/abuela.cl\/index.php\/producto\/salvia\/","title":{"rendered":"Salvia Blanca 500 grs"},"content":{"rendered":"<p>Salvia, deriva de lat\u00edn Salvus que significa \u00absaludable\u00bb o de salvare, \u00abcurar\u00bb.<br \/>\nUsos:<br \/>\nEspiritual: Ahuyenta malas energ\u00edas y aumenta la conexi\u00f3n espiritual. De limpieza, nuevo comienzo.<br \/>\nFarmacodinamia: Se utiliza para tratar afecciones estomacales y renales, como diur\u00e9tico, calmante nervioso y sudoraci\u00f3n excesiva, en casos de menstruaci\u00f3n abundante y malestares de la menopausia. Tambi\u00e9n para lavados genitales por su poder antiviral y bacterial.<br \/>\nModo de uso: La infusi\u00f3n se prepara con 1 cucharada del vegetal para 1 litro de agua reci\u00e9n hervida: beber 1 taza 3 veces al d\u00eda. b) uso externo: infecciones vaginales; estomatitis y gingivitis. Usar la misma infusi\u00f3n en lavados y gargarismos.<br \/>\nEfectos: Efectos: antiespasm\u00f3dico, antibacteriano, antisudoral, diur\u00e9tico, emenagogo, sedante, tocol\u00edtico.<br \/>\nPrecauciones: no utilizar por periodos prolongados de tiempo. Emplear con control m\u00e9dico durante embarazo y lactancia. Puede interferir con terapias hipoglic\u00e9micas y anticonvulsivantes. Puede potenciar el efecto sedante de otras drogas. Estos productos tienen el car\u00e1cter de auxiliares sintom\u00e1ticos y no reemplazan lo indicado por el m\u00e9dico en el tratamiento de una enfermedad. Al consultar al m\u00e9dico, inf\u00f3rmele que est\u00e1 usando esta hierba medicinal. Evite su preparaci\u00f3n en utensilios de aluminio. Otros antecedentes: sus efectos antiespasm\u00f3dico, antisudoral y emenagogo tienen alguna evidencia cient\u00edfica.<\/p>\n<p>Puedes elegir en Sahumos, Picada o mix.<\/p>\n<p>&nbsp;<\/p>\n","protected":false},"excerpt":{"rendered":"<p>500 grs de hierba seca lista para infusi\u00f3n o sahumar<\/p>\n","protected":false},"featured_media":257,"comment_status":"open","ping_status":"closed","template":"","meta":[],"product_cat":[36],"product_tag":[],"class_list":["post-192","product","type-product","status-publish","has-post-thumbnail","hentry","product_cat-hierbas"],"_links":{"self":[{"href":"https:\/\/abuela.cl\/index.php\/wp-json\/wp\/v2\/product\/192","targetHints":{"allow":["GET"]}}],"collection":[{"href":"https:\/\/abuela.cl\/index.php\/wp-json\/wp\/v2\/product"}],"about":[{"href":"https:\/\/abuela.cl\/index.php\/wp-json\/wp\/v2\/types\/product"}],"replies":[{"embeddable":true,"href":"https:\/\/abuela.cl\/index.php\/wp-json\/wp\/v2\/comments?post=192"}],"wp:featuredmedia":[{"embeddable":true,"href":"https:\/\/abuela.cl\/index.php\/wp-json\/wp\/v2\/media\/257"}],"wp:attachment":[{"href":"https:\/\/abuela.cl\/index.php\/wp-json\/wp\/v2\/media?parent=192"}],"wp:term":[{"taxonomy":"product_cat","embeddable":true,"href":"https:\/\/abuela.cl\/index.php\/wp-json\/wp\/v2\/product_cat?post=192"},{"taxonomy":"product_tag","embeddable":true,"href":"https:\/\/abuela.cl\/index.php\/wp-json\/wp\/v2\/product_tag?post=192"}],"curies":[{"name":"wp","href":"https:\/\/api.w.org\/{rel}","templated":true}]}}